{"id":1327,"date":"2025-11-04T11:02:09","date_gmt":"2025-11-04T11:02:09","guid":{"rendered":"https:\/\/flamboyant-beaver.151-80-162-105.plesk.page\/politica-de-cookies\/"},"modified":"2025-12-13T17:39:54","modified_gmt":"2025-12-13T17:39:54","slug":"politica-de-cookies","status":"publish","type":"page","link":"https:\/\/tempotranslations.com\/es\/politica-de-cookies\/","title":{"rendered":"Pol\u00edtica de cookies"},"content":{"rendered":"\t\t<div data-elementor-type=\"wp-page\" data-elementor-id=\"1327\" class=\"elementor elementor-1327 elementor-553\">\n\t\t\t\t<div class=\"elementor-element elementor-element-1c3a770 e-flex e-con-boxed e-con e-parent\" data-id=\"1c3a770\" data-element_type=\"container\">\n\t\t\t\t\t<div class=\"e-con-inner\">\n\t\t\t\t<div class=\"elementor-element elementor-element-92270ae elementor-widget elementor-widget-spacer\" data-id=\"92270ae\" data-element_type=\"widget\" data-widget_type=\"spacer.default\">\n\t\t\t\t\t\t\t<div class=\"elementor-spacer\">\n\t\t\t<div class=\"elementor-spacer-inner\"><\/div>\n\t\t<\/div>\n\t\t\t\t\t\t<\/div>\n\t\t\t\t\t<\/div>\n\t\t\t\t<\/div>\n\t\t<div class=\"elementor-element elementor-element-90d1218 e-flex e-con-boxed e-con e-parent\" data-id=\"90d1218\" data-element_type=\"container\">\n\t\t\t\t\t<div class=\"e-con-inner\">\n\t\t<div class=\"elementor-element elementor-element-f25c6af e-con-full e-flex e-con e-child\" data-id=\"f25c6af\" data-element_type=\"container\">\n\t\t\t\t<\/div>\n\t\t<div class=\"elementor-element elementor-element-dc137d7 e-con-full e-flex e-con e-child\" data-id=\"dc137d7\" data-element_type=\"container\">\n\t\t\t\t<div class=\"elementor-element elementor-element-11722c2 elementor-widget elementor-widget-text-editor\" data-id=\"11722c2\" data-element_type=\"widget\" data-widget_type=\"text-editor.default\">\n\t\t\t\t\t\t\t\t\t<div class=\"row\"><div class=\"col-xl-10 mx-auto\"><div class=\"paper\"><header class=\"text-center\"><div class=\"row\"><div class=\"col-xl-10 mx-auto\"><div class=\"paper\"><header class=\"text-center\"><h2 class=\"m-auto\"><span dir=\"auto\">POL\u00cdTICA DE COOKIES<\/span><\/h2><h4><span class=\"blanc-space ng-binding\"><span dir=\"auto\">www.tempotranslations.com<\/span><\/span><\/h4><\/header><div><p><span dir=\"auto\">El acceso a este sitio web puede implicar el uso de cookies. Las cookies son peque\u00f1as piezas de informaci\u00f3n que se almacenan en el navegador utilizado por cada usuario \u2014en los diferentes dispositivos que puedan utilizar para navegar\u2014 para que el servidor recuerde cierta informaci\u00f3n que solo el servidor que la implement\u00f3 leer\u00e1 posteriormente. Las cookies facilitan la navegaci\u00f3n, la hacen m\u00e1s amigable y no da\u00f1an el dispositivo de navegaci\u00f3n.  <\/span><\/p><p><span dir=\"auto\">Las cookies son procedimientos autom\u00e1ticos para recopilar informaci\u00f3n relativa a las preferencias determinadas por el Usuario durante su visita al Sitio Web con el fin de reconocerlo como Usuario, y personalizar su experiencia y uso del Sitio Web, y tambi\u00e9n pueden, por ejemplo, ayudar a identificar y resolver errores.<\/span><\/p><p><span dir=\"auto\">La informaci\u00f3n recogida a trav\u00e9s de las cookies puede incluir la fecha y hora de las visitas al Sitio Web, las p\u00e1ginas visitadas, el tiempo pasado en el Sitio Web y los sitios visitados inmediatamente antes y despu\u00e9s. Sin embargo, ninguna cookie puede acceder al n\u00famero de tel\u00e9fono del Usuario ni a ninguna otra informaci\u00f3n de contacto personal. Ninguna cookie puede extraer informaci\u00f3n del disco duro del Usuario ni robar informaci\u00f3n personal. La \u00fanica forma de que la informaci\u00f3n privada del Usuario se incluya en el archivo de cookies es que el Usuario proporcione personalmente esa informaci\u00f3n al servidor.   <\/span><\/p><p><span dir=\"auto\">Las cookies que permiten la identificaci\u00f3n de un individuo se consideran datos personales. Por lo tanto, se aplicar\u00e1 la Pol\u00edtica de Privacidad descrita anteriormente. A este respecto, se requerir\u00e1 el consentimiento del Usuario para su uso. Este consentimiento se obtendr\u00e1 a trav\u00e9s de una elecci\u00f3n genuina, ofrecida por medio de una decisi\u00f3n afirmativa y positiva, previa al tratamiento inicial, y ser\u00e1 revocable y documentado.   <\/span><\/p><div class=\"\"><h4><span dir=\"auto\">Cookies de origen<\/span><\/h4><p><span dir=\"auto\">Son cookies que se env\u00edan al ordenador o dispositivo del Usuario y son gestionadas exclusivamente por<\/span><span class=\"blanc-space ng-binding\"><span dir=\"auto\">Tempo Translations<\/span><\/span><span dir=\"auto\">para el \u00f3ptimo funcionamiento del Sitio Web. La informaci\u00f3n recogida se utiliza para mejorar la calidad del Sitio Web y su Contenido, as\u00ed como su experiencia de usuario. Estas cookies nos permiten reconocerle como visitante recurrente del Sitio Web y adaptar el contenido para ofrecerle informaci\u00f3n que coincida con sus preferencias.<\/span><\/p><\/div><div class=\"thirdCookies\"><h4><span dir=\"auto\">Cookies de terceros<\/span><\/h4><p><span dir=\"auto\">Son cookies utilizadas y gestionadas por entidades externas que prestan a<\/span><span class=\"blanc-space ng-binding\"><span dir=\"auto\">Tempo Translations<\/span><\/span><span dir=\"auto\">servicios solicitados por el usuario para mejorar el Sitio Web y la experiencia del usuario durante la navegaci\u00f3n por el Sitio Web. Los principales fines para los que se utilizan las cookies de terceros son obtener estad\u00edsticas de acceso y analizar la informaci\u00f3n de navegaci\u00f3n, es decir, c\u00f3mo interact\u00faa el Usuario con el Sitio Web.<\/span><\/p><p><span dir=\"auto\">La informaci\u00f3n recogida incluye, por ejemplo, el n\u00famero de p\u00e1ginas visitadas, el idioma, la ubicaci\u00f3n de la direcci\u00f3n IP desde la que el Usuario accede al sitio, el n\u00famero de Usuarios que acceden al sitio, la frecuencia y recurrencia de las visitas, la duraci\u00f3n de la visita, el navegador utilizado y el operador o tipo de dispositivo utilizado para acceder al sitio. Esta informaci\u00f3n se utiliza para mejorar el Sitio Web e identificar nuevas necesidades con el fin de ofrecer a los Usuarios un Contenido y\/o servicios \u00f3ptimos. En todos los casos, la informaci\u00f3n se recoge de forma an\u00f3nima y se generan informes de tendencias del Sitio Web sin identificar a los usuarios individuales.  <\/span><\/p><p><span dir=\"auto\">Puede encontrar m\u00e1s informaci\u00f3n sobre las cookies, informaci\u00f3n sobre la privacidad, o consultar la descripci\u00f3n del tipo de cookies utilizadas, sus principales caracter\u00edsticas, per\u00edodo de expiraci\u00f3n, etc. en el\/los siguiente(s) enlace(s):<\/span><\/p><p class=\"text-wrap ng-binding\"><span dir=\"auto\">Google Analytics: https:\/\/developers.google.com\/analytics<\/span><\/p><p><span dir=\"auto\">La(s) entidad(es) responsable(s) de proporcionar las cookies puede(n) transferir esta informaci\u00f3n a terceros, siempre que sea requerido por la ley o un tercero procese esta informaci\u00f3n para dichas entidades.<\/span><\/p><\/div><div class=\"ng-hide\"><h4><span dir=\"auto\">Cookies de redes sociales<\/span><\/h4><p><span class=\"blanc-space ng-binding\"><span dir=\"auto\">Tempo Translations<\/span><\/span> incorpora plugins de redes sociales, que permiten acceder a las mismas a partir del Sitio Web. Por esta raz\u00f3n, las cookies de redes sociales pueden almacenarse en el navegador del Usuario. Los titulares de dichas redes sociales disponen de sus propias pol\u00edticas de protecci\u00f3n de datos y de cookies, siendo ellos mismos, en cada caso, responsables de sus propios ficheros y de sus propias pr\u00e1cticas de privacidad. El Usuario debe referirse a las mismas para informarse acerca de dichas cookies y, en su caso, del tratamiento de sus datos personales. \u00danicamente a t\u00edtulo informativo se indican a continuaci\u00f3n los enlaces en los que se pueden consultar dichas pol\u00edticas de privacidad y\/o de cookies:    <\/p><ul><li>Facebook: <a class=\"text-info\" href=\"https:\/\/www.facebook.com\/policies\/cookies\/\">https:\/\/www.facebook.com\/policies\/cookies\/<\/a><\/li><li>Twitter: <a class=\"text-info\" href=\"https:\/\/twitter.com\/es\/privacy\">https:\/\/twitter.com\/es\/privacy<\/a><\/li><li>Instagram: <a class=\"text-info\" href=\"https:\/\/help.instagram.com\/1896641480634370?ref=ig\">https:\/\/help.instagram.com\/1896641480634370?ref=ig<\/a><\/li><li>YouTube: <a class=\"text-info\" href=\"https:\/\/policies.google.com\/privacy?hl=es-419&amp;gl=mx\">https:\/\/policies.google.com\/privacy?hl=es-419&amp;gl=mx<\/a><\/li><li>Pinterest: <a class=\"text-info\" href=\"https:\/\/policy.pinterest.com\/es\/privacy-policy\">https:\/\/policy.pinterest.com\/es\/privacy-policy<\/a><\/li><li>LinkedIn: <a class=\"text-info\" href=\"https:\/\/www.linkedin.com\/legal\/cookie-policy?trk=hp-cookies\">https:\/\/www.linkedin.com\/legal\/cookie-policy?trk=hp-cookies<\/a><\/li><\/ul><\/div><h4><span dir=\"auto\">Desactivar, rechazar y eliminar cookies<\/span><\/h4><p><span dir=\"auto\">Los usuarios pueden desactivar, rechazar y eliminar cookies \u2014en su totalidad o en parte\u2014 instaladas en su dispositivo configurando su navegador (como Chrome, Firefox, Safari o Explorer). Los procedimientos para rechazar y eliminar cookies pueden diferir de un navegador de Internet a otro. Por lo tanto, los usuarios deben consultar las instrucciones proporcionadas por su navegador de Internet espec\u00edfico. Si un usuario rechaza el uso de cookies \u2014en su totalidad o en parte\u2014 puede seguir utilizando el sitio web, aunque su acceso a algunas de sus funciones puede ser limitado.   <\/span><\/p><p><span dir=\"auto\">Este documento de Pol\u00edtica de Cookies fue creado utilizando el <\/span><a class=\"text-body text-decoration-none\" href=\"https:\/\/textos-legales.edgartamarit.com\/\"><span dir=\"auto\">generador de plantillas de pol\u00edtica de cookies web online gratuito<\/span><\/a><span dir=\"auto\"> el 04\/11\/2025.<\/span><\/p><\/div><\/div><\/div><\/div><\/header><\/div><\/div><\/div>\t\t\t\t\t\t\t\t<\/div>\n\t\t\t\t<\/div>\n\t\t<div class=\"elementor-element elementor-element-031c765 e-con-full e-flex e-con e-child\" data-id=\"031c765\" data-element_type=\"container\">\n\t\t\t\t<\/div>\n\t\t\t\t\t<\/div>\n\t\t\t\t<\/div>\n\t\t\t\t<\/div>\n\t\t","protected":false},"excerpt":{"rendered":"<p>POL\u00cdTICA DE COOKIES www.tempotranslations.com El acceso a este sitio web puede implicar el uso de cookies. Las cookies son peque\u00f1as piezas de informaci\u00f3n que se almacenan<span class=\"excerpt-hellip\"> [\u2026]<\/span><\/p>\n","protected":false},"author":1,"featured_media":0,"parent":0,"menu_order":0,"comment_status":"closed","ping_status":"closed","template":"","meta":{"_monsterinsights_skip_tracking":false,"_monsterinsights_sitenote_active":false,"_monsterinsights_sitenote_note":"","_monsterinsights_sitenote_category":0,"footnotes":""},"class_list":["post-1327","page","type-page","status-publish","hentry"],"yoast_head":"<!-- This site is optimized with the Yoast SEO plugin v26.6 - https:\/\/yoast.com\/wordpress\/plugins\/seo\/ -->\n<title>Pol\u00edtica de cookies - Daniela Grima<\/title>\n<meta name=\"robots\" content=\"index, follow, max-snippet:-1, max-image-preview:large, max-video-preview:-1\" \/>\n<link rel=\"canonical\" href=\"https:\/\/tempotranslations.com\/es\/politica-de-cookies\/\" \/>\n<meta property=\"og:locale\" content=\"es_ES\" \/>\n<meta property=\"og:type\" content=\"article\" \/>\n<meta property=\"og:title\" content=\"Pol\u00edtica de cookies - Daniela Grima\" \/>\n<meta property=\"og:description\" content=\"POL\u00cdTICA DE COOKIES www.tempotranslations.com El acceso a este sitio web puede implicar el uso de cookies. Las cookies son peque\u00f1as piezas de informaci\u00f3n que se almacenan [\u2026]\" \/>\n<meta property=\"og:url\" content=\"https:\/\/tempotranslations.com\/es\/politica-de-cookies\/\" \/>\n<meta property=\"og:site_name\" content=\"Daniela Grima\" \/>\n<meta property=\"article:modified_time\" content=\"2025-12-13T17:39:54+00:00\" \/>\n<meta name=\"twitter:card\" content=\"summary_large_image\" \/>\n<meta name=\"twitter:label1\" content=\"Tiempo de lectura\" \/>\n\t<meta name=\"twitter:data1\" content=\"5 minutos\" \/>\n<script type=\"application\/ld+json\" class=\"yoast-schema-graph\">{\"@context\":\"https:\/\/schema.org\",\"@graph\":[{\"@type\":\"WebPage\",\"@id\":\"https:\/\/tempotranslations.com\/es\/politica-de-cookies\/\",\"url\":\"https:\/\/tempotranslations.com\/es\/politica-de-cookies\/\",\"name\":\"Pol\u00edtica de cookies - Daniela Grima\",\"isPartOf\":{\"@id\":\"https:\/\/tempotranslations.com\/es\/#website\"},\"datePublished\":\"2025-11-04T11:02:09+00:00\",\"dateModified\":\"2025-12-13T17:39:54+00:00\",\"breadcrumb\":{\"@id\":\"https:\/\/tempotranslations.com\/es\/politica-de-cookies\/#breadcrumb\"},\"inLanguage\":\"es\",\"potentialAction\":[{\"@type\":\"ReadAction\",\"target\":[\"https:\/\/tempotranslations.com\/es\/politica-de-cookies\/\"]}]},{\"@type\":\"BreadcrumbList\",\"@id\":\"https:\/\/tempotranslations.com\/es\/politica-de-cookies\/#breadcrumb\",\"itemListElement\":[{\"@type\":\"ListItem\",\"position\":1,\"name\":\"Home\",\"item\":\"https:\/\/tempotranslations.com\/es\/\"},{\"@type\":\"ListItem\",\"position\":2,\"name\":\"Pol\u00edtica de cookies\"}]},{\"@type\":\"WebSite\",\"@id\":\"https:\/\/tempotranslations.com\/es\/#website\",\"url\":\"https:\/\/tempotranslations.com\/es\/\",\"name\":\"Daniela Grima\",\"description\":\"\",\"potentialAction\":[{\"@type\":\"SearchAction\",\"target\":{\"@type\":\"EntryPoint\",\"urlTemplate\":\"https:\/\/tempotranslations.com\/es\/?s={search_term_string}\"},\"query-input\":{\"@type\":\"PropertyValueSpecification\",\"valueRequired\":true,\"valueName\":\"search_term_string\"}}],\"inLanguage\":\"es\"}]}<\/script>\n<!-- \/ Yoast SEO plugin. -->","yoast_head_json":{"title":"Pol\u00edtica de cookies - Daniela Grima","robots":{"index":"index","follow":"follow","max-snippet":"max-snippet:-1","max-image-preview":"max-image-preview:large","max-video-preview":"max-video-preview:-1"},"canonical":"https:\/\/tempotranslations.com\/es\/politica-de-cookies\/","og_locale":"es_ES","og_type":"article","og_title":"Pol\u00edtica de cookies - Daniela Grima","og_description":"POL\u00cdTICA DE COOKIES www.tempotranslations.com El acceso a este sitio web puede implicar el uso de cookies. Las cookies son peque\u00f1as piezas de informaci\u00f3n que se almacenan [\u2026]","og_url":"https:\/\/tempotranslations.com\/es\/politica-de-cookies\/","og_site_name":"Daniela Grima","article_modified_time":"2025-12-13T17:39:54+00:00","twitter_card":"summary_large_image","twitter_misc":{"Tiempo de lectura":"5 minutos"},"schema":{"@context":"https:\/\/schema.org","@graph":[{"@type":"WebPage","@id":"https:\/\/tempotranslations.com\/es\/politica-de-cookies\/","url":"https:\/\/tempotranslations.com\/es\/politica-de-cookies\/","name":"Pol\u00edtica de cookies - Daniela Grima","isPartOf":{"@id":"https:\/\/tempotranslations.com\/es\/#website"},"datePublished":"2025-11-04T11:02:09+00:00","dateModified":"2025-12-13T17:39:54+00:00","breadcrumb":{"@id":"https:\/\/tempotranslations.com\/es\/politica-de-cookies\/#breadcrumb"},"inLanguage":"es","potentialAction":[{"@type":"ReadAction","target":["https:\/\/tempotranslations.com\/es\/politica-de-cookies\/"]}]},{"@type":"BreadcrumbList","@id":"https:\/\/tempotranslations.com\/es\/politica-de-cookies\/#breadcrumb","itemListElement":[{"@type":"ListItem","position":1,"name":"Home","item":"https:\/\/tempotranslations.com\/es\/"},{"@type":"ListItem","position":2,"name":"Pol\u00edtica de cookies"}]},{"@type":"WebSite","@id":"https:\/\/tempotranslations.com\/es\/#website","url":"https:\/\/tempotranslations.com\/es\/","name":"Daniela Grima","description":"","potentialAction":[{"@type":"SearchAction","target":{"@type":"EntryPoint","urlTemplate":"https:\/\/tempotranslations.com\/es\/?s={search_term_string}"},"query-input":{"@type":"PropertyValueSpecification","valueRequired":true,"valueName":"search_term_string"}}],"inLanguage":"es"}]}},"_links":{"self":[{"href":"https:\/\/tempotranslations.com\/es\/wp-json\/wp\/v2\/pages\/1327","targetHints":{"allow":["GET"]}}],"collection":[{"href":"https:\/\/tempotranslations.com\/es\/wp-json\/wp\/v2\/pages"}],"about":[{"href":"https:\/\/tempotranslations.com\/es\/wp-json\/wp\/v2\/types\/page"}],"author":[{"embeddable":true,"href":"https:\/\/tempotranslations.com\/es\/wp-json\/wp\/v2\/users\/1"}],"replies":[{"embeddable":true,"href":"https:\/\/tempotranslations.com\/es\/wp-json\/wp\/v2\/comments?post=1327"}],"version-history":[{"count":0,"href":"https:\/\/tempotranslations.com\/es\/wp-json\/wp\/v2\/pages\/1327\/revisions"}],"wp:attachment":[{"href":"https:\/\/tempotranslations.com\/es\/wp-json\/wp\/v2\/media?parent=1327"}],"curies":[{"name":"wp","href":"https:\/\/api.w.org\/{rel}","templated":true}]}}