{"id":1314,"date":"2025-11-06T10:46:03","date_gmt":"2025-11-06T10:46:03","guid":{"rendered":"https:\/\/flamboyant-beaver.151-80-162-105.plesk.page\/noticias\/"},"modified":"2025-12-11T19:29:17","modified_gmt":"2025-12-11T19:29:17","slug":"noticias","status":"publish","type":"page","link":"https:\/\/tempotranslations.com\/es\/noticias\/","title":{"rendered":"Noticias"},"content":{"rendered":"\t\t<div data-elementor-type=\"wp-page\" data-elementor-id=\"1314\" class=\"elementor elementor-1314 elementor-743\">\n\t\t\t\t<div class=\"elementor-element elementor-element-17eaedb e-flex e-con-boxed e-con e-parent\" data-id=\"17eaedb\" data-element_type=\"container\">\n\t\t\t\t\t<div class=\"e-con-inner\">\n\t\t\t\t<div class=\"elementor-element elementor-element-68a04eb elementor-widget elementor-widget-spacer\" data-id=\"68a04eb\" data-element_type=\"widget\" data-widget_type=\"spacer.default\">\n\t\t\t\t\t\t\t<div class=\"elementor-spacer\">\n\t\t\t<div class=\"elementor-spacer-inner\"><\/div>\n\t\t<\/div>\n\t\t\t\t\t\t<\/div>\n\t\t\t\t<div class=\"elementor-element elementor-element-aeeba1e elementor-widget elementor-widget-text-editor\" data-id=\"aeeba1e\" data-element_type=\"widget\" data-widget_type=\"text-editor.default\">\n\t\t\t\t\t\t\t\t\t<p>Esta p\u00e1gina de NOTICIAS es una fuente de referencia para las \u00faltimas actualizaciones y novedades en el sector de la traducci\u00f3n. Aqu\u00ed encontrar\u00e1s art\u00edculos y anuncios sobre las tendencias de la traducci\u00f3n, los pr\u00f3ximos eventos, como ferias, conferencias y congresos, as\u00ed como informaci\u00f3n sobre los cursos de desarrollo profesional continuo (DPC) para traductores. El objetivo de esta p\u00e1gina es mantener a los traductores y a los clientes informados y comprometidos con contenido relevante y oportuno que apoye el crecimiento profesional y el conocimiento del sector.  <\/p>\t\t\t\t\t\t\t\t<\/div>\n\t\t\t\t\t<\/div>\n\t\t\t\t<\/div>\n\t\t<div class=\"elementor-element elementor-element-6a17606 e-flex e-con-boxed e-con e-parent\" data-id=\"6a17606\" data-element_type=\"container\">\n\t\t\t\t\t<div class=\"e-con-inner\">\n\t\t\t\t<div class=\"elementor-element elementor-element-36a2a0a elementor-widget elementor-widget-mfn_blog\" data-id=\"36a2a0a\" data-element_type=\"widget\" data-widget_type=\"mfn_blog.default\">\n\t\t\t\t<div class=\"elementor-widget-container\">\n\t\t\t\t\t<div class=\"column_filters\"><div class=\"blog_wrapper isotope_wrapper clearfix\"><div class=\"posts_group lm_wrapper element_classes col- classic\">There are no posts on the list.<\/div><\/div>\n<\/div>\n\t\t\t\t<\/div>\n\t\t\t\t<\/div>\n\t\t\t\t\t<\/div>\n\t\t\t\t<\/div>\n\t\t\t\t<\/div>\n\t\t","protected":false},"excerpt":{"rendered":"<p>Esta p\u00e1gina de NOTICIAS es una fuente de referencia para las \u00faltimas actualizaciones y novedades en el sector de la traducci\u00f3n. Aqu\u00ed encontrar\u00e1s art\u00edculos y anuncios<span class=\"excerpt-hellip\"> [\u2026]<\/span><\/p>\n","protected":false},"author":1,"featured_media":0,"parent":0,"menu_order":0,"comment_status":"closed","ping_status":"closed","template":"","meta":{"_monsterinsights_skip_tracking":false,"_monsterinsights_sitenote_active":false,"_monsterinsights_sitenote_note":"","_monsterinsights_sitenote_category":0,"footnotes":""},"class_list":["post-1314","page","type-page","status-publish","hentry"],"yoast_head":"<!-- This site is optimized with the Yoast SEO plugin v26.6 - https:\/\/yoast.com\/wordpress\/plugins\/seo\/ -->\n<title>Noticias - Daniela Grima<\/title>\n<meta name=\"robots\" content=\"index, follow, max-snippet:-1, max-image-preview:large, max-video-preview:-1\" \/>\n<link rel=\"canonical\" href=\"https:\/\/tempotranslations.com\/es\/noticias\/\" \/>\n<meta property=\"og:locale\" content=\"es_ES\" \/>\n<meta property=\"og:type\" content=\"article\" \/>\n<meta property=\"og:title\" content=\"Noticias - Daniela Grima\" \/>\n<meta property=\"og:description\" content=\"Esta p\u00e1gina de NOTICIAS es una fuente de referencia para las \u00faltimas actualizaciones y novedades en el sector de la traducci\u00f3n. Aqu\u00ed encontrar\u00e1s art\u00edculos y anuncios [\u2026]\" \/>\n<meta property=\"og:url\" content=\"https:\/\/tempotranslations.com\/es\/noticias\/\" \/>\n<meta property=\"og:site_name\" content=\"Daniela Grima\" \/>\n<meta property=\"article:modified_time\" content=\"2025-12-11T19:29:17+00:00\" \/>\n<meta property=\"og:image\" content=\"https:\/\/tempotranslations.com\/wp-content\/uploads\/2025\/10\/Office-2-960x750.jpg\" \/>\n<meta name=\"twitter:card\" content=\"summary_large_image\" \/>\n<meta name=\"twitter:label1\" content=\"Tiempo de lectura\" \/>\n\t<meta name=\"twitter:data1\" content=\"1 minuto\" \/>\n<script type=\"application\/ld+json\" class=\"yoast-schema-graph\">{\"@context\":\"https:\/\/schema.org\",\"@graph\":[{\"@type\":\"WebPage\",\"@id\":\"https:\/\/tempotranslations.com\/es\/noticias\/\",\"url\":\"https:\/\/tempotranslations.com\/es\/noticias\/\",\"name\":\"Noticias - Daniela Grima\",\"isPartOf\":{\"@id\":\"https:\/\/tempotranslations.com\/es\/#website\"},\"primaryImageOfPage\":{\"@id\":\"https:\/\/tempotranslations.com\/es\/noticias\/#primaryimage\"},\"image\":{\"@id\":\"https:\/\/tempotranslations.com\/es\/noticias\/#primaryimage\"},\"thumbnailUrl\":\"https:\/\/tempotranslations.com\/wp-content\/uploads\/2025\/10\/Office-2-960x750.jpg\",\"datePublished\":\"2025-11-06T10:46:03+00:00\",\"dateModified\":\"2025-12-11T19:29:17+00:00\",\"breadcrumb\":{\"@id\":\"https:\/\/tempotranslations.com\/es\/noticias\/#breadcrumb\"},\"inLanguage\":\"es\",\"potentialAction\":[{\"@type\":\"ReadAction\",\"target\":[\"https:\/\/tempotranslations.com\/es\/noticias\/\"]}]},{\"@type\":\"ImageObject\",\"inLanguage\":\"es\",\"@id\":\"https:\/\/tempotranslations.com\/es\/noticias\/#primaryimage\",\"url\":\"https:\/\/tempotranslations.com\/wp-content\/uploads\/2025\/10\/Office-2-960x750.jpg\",\"contentUrl\":\"https:\/\/tempotranslations.com\/wp-content\/uploads\/2025\/10\/Office-2-960x750.jpg\"},{\"@type\":\"BreadcrumbList\",\"@id\":\"https:\/\/tempotranslations.com\/es\/noticias\/#breadcrumb\",\"itemListElement\":[{\"@type\":\"ListItem\",\"position\":1,\"name\":\"Home\",\"item\":\"https:\/\/tempotranslations.com\/es\/\"},{\"@type\":\"ListItem\",\"position\":2,\"name\":\"Noticias\"}]},{\"@type\":\"WebSite\",\"@id\":\"https:\/\/tempotranslations.com\/es\/#website\",\"url\":\"https:\/\/tempotranslations.com\/es\/\",\"name\":\"Daniela Grima\",\"description\":\"\",\"potentialAction\":[{\"@type\":\"SearchAction\",\"target\":{\"@type\":\"EntryPoint\",\"urlTemplate\":\"https:\/\/tempotranslations.com\/es\/?s={search_term_string}\"},\"query-input\":{\"@type\":\"PropertyValueSpecification\",\"valueRequired\":true,\"valueName\":\"search_term_string\"}}],\"inLanguage\":\"es\"}]}<\/script>\n<!-- \/ Yoast SEO plugin. -->","yoast_head_json":{"title":"Noticias - Daniela Grima","robots":{"index":"index","follow":"follow","max-snippet":"max-snippet:-1","max-image-preview":"max-image-preview:large","max-video-preview":"max-video-preview:-1"},"canonical":"https:\/\/tempotranslations.com\/es\/noticias\/","og_locale":"es_ES","og_type":"article","og_title":"Noticias - Daniela Grima","og_description":"Esta p\u00e1gina de NOTICIAS es una fuente de referencia para las \u00faltimas actualizaciones y novedades en el sector de la traducci\u00f3n. Aqu\u00ed encontrar\u00e1s art\u00edculos y anuncios [\u2026]","og_url":"https:\/\/tempotranslations.com\/es\/noticias\/","og_site_name":"Daniela Grima","article_modified_time":"2025-12-11T19:29:17+00:00","og_image":[{"url":"https:\/\/tempotranslations.com\/wp-content\/uploads\/2025\/10\/Office-2-960x750.jpg","type":"","width":"","height":""}],"twitter_card":"summary_large_image","twitter_misc":{"Tiempo de lectura":"1 minuto"},"schema":{"@context":"https:\/\/schema.org","@graph":[{"@type":"WebPage","@id":"https:\/\/tempotranslations.com\/es\/noticias\/","url":"https:\/\/tempotranslations.com\/es\/noticias\/","name":"Noticias - Daniela Grima","isPartOf":{"@id":"https:\/\/tempotranslations.com\/es\/#website"},"primaryImageOfPage":{"@id":"https:\/\/tempotranslations.com\/es\/noticias\/#primaryimage"},"image":{"@id":"https:\/\/tempotranslations.com\/es\/noticias\/#primaryimage"},"thumbnailUrl":"https:\/\/tempotranslations.com\/wp-content\/uploads\/2025\/10\/Office-2-960x750.jpg","datePublished":"2025-11-06T10:46:03+00:00","dateModified":"2025-12-11T19:29:17+00:00","breadcrumb":{"@id":"https:\/\/tempotranslations.com\/es\/noticias\/#breadcrumb"},"inLanguage":"es","potentialAction":[{"@type":"ReadAction","target":["https:\/\/tempotranslations.com\/es\/noticias\/"]}]},{"@type":"ImageObject","inLanguage":"es","@id":"https:\/\/tempotranslations.com\/es\/noticias\/#primaryimage","url":"https:\/\/tempotranslations.com\/wp-content\/uploads\/2025\/10\/Office-2-960x750.jpg","contentUrl":"https:\/\/tempotranslations.com\/wp-content\/uploads\/2025\/10\/Office-2-960x750.jpg"},{"@type":"BreadcrumbList","@id":"https:\/\/tempotranslations.com\/es\/noticias\/#breadcrumb","itemListElement":[{"@type":"ListItem","position":1,"name":"Home","item":"https:\/\/tempotranslations.com\/es\/"},{"@type":"ListItem","position":2,"name":"Noticias"}]},{"@type":"WebSite","@id":"https:\/\/tempotranslations.com\/es\/#website","url":"https:\/\/tempotranslations.com\/es\/","name":"Daniela Grima","description":"","potentialAction":[{"@type":"SearchAction","target":{"@type":"EntryPoint","urlTemplate":"https:\/\/tempotranslations.com\/es\/?s={search_term_string}"},"query-input":{"@type":"PropertyValueSpecification","valueRequired":true,"valueName":"search_term_string"}}],"inLanguage":"es"}]}},"_links":{"self":[{"href":"https:\/\/tempotranslations.com\/es\/wp-json\/wp\/v2\/pages\/1314","targetHints":{"allow":["GET"]}}],"collection":[{"href":"https:\/\/tempotranslations.com\/es\/wp-json\/wp\/v2\/pages"}],"about":[{"href":"https:\/\/tempotranslations.com\/es\/wp-json\/wp\/v2\/types\/page"}],"author":[{"embeddable":true,"href":"https:\/\/tempotranslations.com\/es\/wp-json\/wp\/v2\/users\/1"}],"replies":[{"embeddable":true,"href":"https:\/\/tempotranslations.com\/es\/wp-json\/wp\/v2\/comments?post=1314"}],"version-history":[{"count":0,"href":"https:\/\/tempotranslations.com\/es\/wp-json\/wp\/v2\/pages\/1314\/revisions"}],"wp:attachment":[{"href":"https:\/\/tempotranslations.com\/es\/wp-json\/wp\/v2\/media?parent=1314"}],"curies":[{"name":"wp","href":"https:\/\/api.w.org\/{rel}","templated":true}]}}